{"id":2892,"date":"2023-12-07T15:05:44","date_gmt":"2023-12-07T14:05:44","guid":{"rendered":"https:\/\/ki-run.it\/?post_type=product&#038;p=2892"},"modified":"2024-12-16T10:34:33","modified_gmt":"2024-12-16T09:34:33","slug":"ki-run-gift-card-100euro-the-perfect-gift-for-christmas","status":"publish","type":"product","link":"https:\/\/ki-run.it\/en\/prodotto\/ki-run-gift-card-100euro-the-perfect-gift-for-christmas\/","title":{"rendered":"KiRun Gift Card 100\u20ac &#8211; The Perfect Gift for Christmas!"},"content":{"rendered":"\r\n<p>Questo Natale, regala il dono dell&#8217;avventura e della corsa con la Gift Card KiRun . Acquista oggi stesso e fai s\u00ec che il tuo regalo scaldi i cuori e faccia brillare gli occhi dei tuoi cari durante le festivit\u00e0!<\/p>\r\n\r\n\r\n\r\n<p><img decoding=\"async\" class=\"emoji\" role=\"img\" src=\"https:\/\/s.w.org\/images\/core\/emoji\/14.0.0\/svg\/1f31f.svg\" alt=\"\ud83c\udf1f\" \/> Personalizzazione Festiva: La gift card pu\u00f2 essere personalizzata con un tocco natalizio, aggiungendo un messaggio di buon Natale per rendere il regalo ancora pi\u00f9 speciale.<br \/><img decoding=\"async\" class=\"emoji\" role=\"img\" src=\"https:\/\/s.w.org\/images\/core\/emoji\/14.0.0\/svg\/1f385.svg\" alt=\"\ud83c\udf85\" \/> Flessibilit\u00e0: Il destinatario avr\u00e0 la libert\u00e0 di pianificare il proprio viaggio in base alla propria disponibilit\u00e0, garantendo una vacanza senza stress.<br \/><img decoding=\"async\" class=\"emoji\" role=\"img\" src=\"https:\/\/s.w.org\/images\/core\/emoji\/14.0.0\/svg\/1f381.svg\" alt=\"\ud83c\udf81\" \/> Un Regalo Significativo: Regala emozioni e avventura invece di oggetti materiali. La Gift Card KiRun \u00e8 il regalo perfetto per gli appassionati di running e viaggiatori.<br \/><img decoding=\"async\" class=\"emoji\" role=\"img\" src=\"https:\/\/s.w.org\/images\/core\/emoji\/14.0.0\/svg\/1f30d.svg\" alt=\"\ud83c\udf0d\" \/> Scoperta e Corsa: Oltre alla corsa, i viaggi con KiRun offrono l&#8217;opportunit\u00e0 di esplorare nuove culture, gustare cibi deliziosi e creare ricordi indimenticabili.<br \/><img decoding=\"async\" class=\"emoji\" role=\"img\" src=\"https:\/\/s.w.org\/images\/core\/emoji\/14.0.0\/svg\/1f320.svg\" alt=\"\ud83c\udf20\" \/> Condividi la Magia del Natale: Con KiRun , i tuoi cari potranno vivere una straordinaria avventura natalizia e condividere momenti speciali con altri appassionati di corsa.<\/p>\r\n","protected":false},"excerpt":{"rendered":"<p>Fai scintillare il Natale di un\/a runner con la Gift Card KiRun !<br \/>Questa \u00e8 l&#8217;opportunit\u00e0 perfetta per regalare un&#8217;esperienza unica di corsa e avventura durante le festivit\u00e0.<br \/><img decoding=\"async\" class=\"emoji\" role=\"img\" src=\"https:\/\/s.w.org\/images\/core\/emoji\/14.0.0\/svg\/1f3c3-200d-2640-fe0f.svg\" alt=\"\ud83c\udfc3\u200d\u2640\ufe0f\" \/> Un Regalo di Natale Indimenticabile: Sorprendi i tuoi cari con una gift card che li porter\u00e0 a correre in scenari spettacolari e a scoprire il mondo durante le festivit\u00e0 natalizie.<\/p>\n<p> [&#8230;]<\/p>\n<p><a class=\"btn btn-secondary understrap-read-more-link\" href=\"https:\/\/ki-run.it\/en\/prodotto\/ki-run-gift-card-100euro-the-perfect-gift-for-christmas\/\">Read More&#8230;<span class=\"screen-reader-text\"> from KiRun Gift Card 100\u20ac &#8211; The Perfect Gift for Christmas!<\/span><\/a><\/p>\n","protected":false},"featured_media":2564,"template":"","meta":{"_acf_changed":false,"_monsterinsights_skip_tracking":false,"_monsterinsights_sitenote_active":false,"_monsterinsights_sitenote_note":"","_monsterinsights_sitenote_category":0},"product_brand":[],"product_cat":[323],"product_tag":[],"class_list":{"0":"post-2892","1":"product","2":"type-product","3":"status-publish","4":"has-post-thumbnail","6":"product_cat-gift_cards","8":"first","9":"instock","10":"virtual","11":"purchasable","12":"product-type-simple"},"acf":[],"_links":{"self":[{"href":"https:\/\/ki-run.it\/en\/wp-json\/wp\/v2\/product\/2892","targetHints":{"allow":["GET"]}}],"collection":[{"href":"https:\/\/ki-run.it\/en\/wp-json\/wp\/v2\/product"}],"about":[{"href":"https:\/\/ki-run.it\/en\/wp-json\/wp\/v2\/types\/product"}],"wp:featuredmedia":[{"embeddable":true,"href":"https:\/\/ki-run.it\/en\/wp-json\/wp\/v2\/media\/2564"}],"wp:attachment":[{"href":"https:\/\/ki-run.it\/en\/wp-json\/wp\/v2\/media?parent=2892"}],"wp:term":[{"taxonomy":"product_brand","embeddable":true,"href":"https:\/\/ki-run.it\/en\/wp-json\/wp\/v2\/product_brand?post=2892"},{"taxonomy":"product_cat","embeddable":true,"href":"https:\/\/ki-run.it\/en\/wp-json\/wp\/v2\/product_cat?post=2892"},{"taxonomy":"product_tag","embeddable":true,"href":"https:\/\/ki-run.it\/en\/wp-json\/wp\/v2\/product_tag?post=2892"}],"curies":[{"name":"wp","href":"https:\/\/api.w.org\/{rel}","templated":true}]}}